{"id":11,"date":"2021-05-13T14:48:33","date_gmt":"2021-05-13T14:48:33","guid":{"rendered":"https:\/\/psicologiaclinicasantander.es\/?page_id=11"},"modified":"2021-05-13T16:31:40","modified_gmt":"2021-05-13T16:31:40","slug":"contacto","status":"publish","type":"page","link":"https:\/\/psicologiaclinicasantander.es\/index.php\/contacto\/","title":{"rendered":"CONTACTO"},"content":{"rendered":"\t\t<div data-elementor-type=\"wp-page\" data-elementor-id=\"11\" class=\"elementor elementor-11\" data-elementor-settings=\"[]\">\n\t\t\t\t\t\t\t<div class=\"elementor-section-wrap\">\n\t\t\t\t\t\t\t<section class=\"elementor-section elementor-top-section elementor-element elementor-element-407dfb9 elementor-section-boxed elementor-section-height-default elementor-section-height-default\" data-id=\"407dfb9\" data-element_type=\"section\">\n\t\t\t\t\t\t<div class=\"elementor-container elementor-column-gap-default\">\n\t\t\t\t\t<div class=\"elementor-column elementor-col-100 elementor-top-column elementor-element elementor-element-f6df84a\" data-id=\"f6df84a\" data-element_type=\"column\">\n\t\t\t<div class=\"elementor-widget-wrap elementor-element-populated\">\n\t\t\t\t\t\t\t\t<div class=\"elementor-element elementor-element-35b56f0 elementor-widget elementor-widget-image\" data-id=\"35b56f0\" data-element_type=\"widget\" data-widget_type=\"image.default\">\n\t\t\t\t<div class=\"elementor-widget-container\">\n\t\t\t\t\t\t\t\t\t\t\t\t\t\t\t<img width=\"960\" height=\"348\" src=\"https:\/\/psicologiaclinicasantander.es\/wp-content\/uploads\/2021\/05\/resize.jpg\" class=\"attachment-full size-full\" alt=\"\" loading=\"lazy\" srcset=\"https:\/\/psicologiaclinicasantander.es\/wp-content\/uploads\/2021\/05\/resize.jpg 960w, https:\/\/psicologiaclinicasantander.es\/wp-content\/uploads\/2021\/05\/resize-300x109.jpg 300w, https:\/\/psicologiaclinicasantander.es\/wp-content\/uploads\/2021\/05\/resize-768x278.jpg 768w\" sizes=\"(max-width: 960px) 100vw, 960px\" style=\"width:100%;height:36.25%;max-width:960px;\" \/>\t\t\t\t\t\t\t\t\t\t\t\t\t\t\t<\/div>\n\t\t\t\t<\/div>\n\t\t\t\t\t<\/div>\n\t\t<\/div>\n\t\t\t\t\t\t\t<\/div>\n\t\t<\/section>\n\t\t\t\t<section class=\"elementor-section elementor-top-section elementor-element elementor-element-b7b05d9 elementor-section-boxed elementor-section-height-default elementor-section-height-default\" data-id=\"b7b05d9\" data-element_type=\"section\">\n\t\t\t\t\t\t<div class=\"elementor-container elementor-column-gap-default\">\n\t\t\t\t\t<div class=\"elementor-column elementor-col-100 elementor-top-column elementor-element elementor-element-2fa537a\" data-id=\"2fa537a\" data-element_type=\"column\">\n\t\t\t<div class=\"elementor-widget-wrap elementor-element-populated\">\n\t\t\t\t\t\t\t\t<div class=\"elementor-element elementor-element-9a99940 elementor-widget elementor-widget-spacer\" data-id=\"9a99940\" data-element_type=\"widget\" data-widget_type=\"spacer.default\">\n\t\t\t\t<div class=\"elementor-widget-container\">\n\t\t\t\t\t<div class=\"elementor-spacer\">\n\t\t\t<div class=\"elementor-spacer-inner\"><\/div>\n\t\t<\/div>\n\t\t\t\t<\/div>\n\t\t\t\t<\/div>\n\t\t\t\t\t<\/div>\n\t\t<\/div>\n\t\t\t\t\t\t\t<\/div>\n\t\t<\/section>\n\t\t\t\t<section class=\"elementor-section elementor-top-section elementor-element elementor-element-7e7f443 elementor-section-boxed elementor-section-height-default elementor-section-height-default\" data-id=\"7e7f443\" data-element_type=\"section\">\n\t\t\t\t\t\t<div class=\"elementor-container elementor-column-gap-default\">\n\t\t\t\t\t<div class=\"elementor-column elementor-col-100 elementor-top-column elementor-element elementor-element-6a2a2cb\" data-id=\"6a2a2cb\" data-element_type=\"column\">\n\t\t\t<div class=\"elementor-widget-wrap elementor-element-populated\">\n\t\t\t\t\t\t\t\t<div class=\"elementor-element elementor-element-3fb72a5 elementor-widget-divider--view-line elementor-widget elementor-widget-divider\" data-id=\"3fb72a5\" data-element_type=\"widget\" data-widget_type=\"divider.default\">\n\t\t\t\t<div class=\"elementor-widget-container\">\n\t\t\t\t\t<div class=\"elementor-divider\">\n\t\t\t<span class=\"elementor-divider-separator\">\n\t\t\t\t\t\t<\/span>\n\t\t<\/div>\n\t\t\t\t<\/div>\n\t\t\t\t<\/div>\n\t\t\t\t\t<\/div>\n\t\t<\/div>\n\t\t\t\t\t\t\t<\/div>\n\t\t<\/section>\n\t\t\t\t<section class=\"elementor-section elementor-top-section elementor-element elementor-element-9f2f699 elementor-section-boxed elementor-section-height-default elementor-section-height-default\" data-id=\"9f2f699\" data-element_type=\"section\">\n\t\t\t\t\t\t<div class=\"elementor-container elementor-column-gap-default\">\n\t\t\t\t\t<div class=\"elementor-column elementor-col-100 elementor-top-column elementor-element elementor-element-44aaf36\" data-id=\"44aaf36\" data-element_type=\"column\">\n\t\t\t<div class=\"elementor-widget-wrap elementor-element-populated\">\n\t\t\t\t\t\t\t\t<div class=\"elementor-element elementor-element-64e4e97 elementor-widget elementor-widget-heading\" data-id=\"64e4e97\" data-element_type=\"widget\" data-widget_type=\"heading.default\">\n\t\t\t\t<div class=\"elementor-widget-container\">\n\t\t\t<h2 class=\"elementor-heading-title elementor-size-default\">CONTACTO<\/h2>\t\t<\/div>\n\t\t\t\t<\/div>\n\t\t\t\t\t<\/div>\n\t\t<\/div>\n\t\t\t\t\t\t\t<\/div>\n\t\t<\/section>\n\t\t\t\t<section class=\"elementor-section elementor-top-section elementor-element elementor-element-d94ef69 elementor-section-boxed elementor-section-height-default elementor-section-height-default\" data-id=\"d94ef69\" data-element_type=\"section\">\n\t\t\t\t\t\t<div class=\"elementor-container elementor-column-gap-default\">\n\t\t\t\t\t<div class=\"elementor-column elementor-col-100 elementor-top-column elementor-element elementor-element-88a7347\" data-id=\"88a7347\" data-element_type=\"column\">\n\t\t\t<div class=\"elementor-widget-wrap elementor-element-populated\">\n\t\t\t\t\t\t\t\t<div class=\"elementor-element elementor-element-18f7309 elementor-widget elementor-widget-text-editor\" data-id=\"18f7309\" data-element_type=\"widget\" data-widget_type=\"text-editor.default\">\n\t\t\t\t<div class=\"elementor-widget-container\">\n\t\t\t\t\t\t\t\t<p>CUALQUIER DUDA QUE TENGA CONTACTE SIN NING\u00daN TIPO DE COMPROMISO, DE LA FORMA QUE M\u00c1S F\u00c1CIL LE RESULTE. MUCHAS GRACIAS<\/p><p><strong>HORARIO MA\u00d1ANA Y TARDE<\/strong><\/p>\t\t\t\t\t\t<\/div>\n\t\t\t\t<\/div>\n\t\t\t\t\t<\/div>\n\t\t<\/div>\n\t\t\t\t\t\t\t<\/div>\n\t\t<\/section>\n\t\t\t\t<section class=\"elementor-section elementor-top-section elementor-element elementor-element-2b03cf4 elementor-section-boxed elementor-section-height-default elementor-section-height-default\" data-id=\"2b03cf4\" data-element_type=\"section\">\n\t\t\t\t\t\t<div class=\"elementor-container elementor-column-gap-default\">\n\t\t\t\t\t<div class=\"elementor-column elementor-col-100 elementor-top-column elementor-element elementor-element-4fb0291\" data-id=\"4fb0291\" data-element_type=\"column\">\n\t\t\t<div class=\"elementor-widget-wrap elementor-element-populated\">\n\t\t\t\t\t\t\t\t<div class=\"elementor-element elementor-element-bd2eb1b elementor-widget elementor-widget-spacer\" data-id=\"bd2eb1b\" data-element_type=\"widget\" data-widget_type=\"spacer.default\">\n\t\t\t\t<div class=\"elementor-widget-container\">\n\t\t\t\t\t<div class=\"elementor-spacer\">\n\t\t\t<div class=\"elementor-spacer-inner\"><\/div>\n\t\t<\/div>\n\t\t\t\t<\/div>\n\t\t\t\t<\/div>\n\t\t\t\t\t<\/div>\n\t\t<\/div>\n\t\t\t\t\t\t\t<\/div>\n\t\t<\/section>\n\t\t\t\t<section class=\"elementor-section elementor-top-section elementor-element elementor-element-c8e1992 elementor-section-boxed elementor-section-height-default elementor-section-height-default\" data-id=\"c8e1992\" data-element_type=\"section\">\n\t\t\t\t\t\t<div class=\"elementor-container elementor-column-gap-default\">\n\t\t\t\t\t<div class=\"elementor-column elementor-col-33 elementor-top-column elementor-element elementor-element-1e3c3ff\" data-id=\"1e3c3ff\" data-element_type=\"column\" data-settings=\"{&quot;background_background&quot;:&quot;classic&quot;}\">\n\t\t\t<div class=\"elementor-widget-wrap elementor-element-populated\">\n\t\t\t\t\t\t\t\t<div class=\"elementor-element elementor-element-308e4f4 elementor-view-default elementor-position-top elementor-vertical-align-top elementor-widget elementor-widget-icon-box\" data-id=\"308e4f4\" data-element_type=\"widget\" data-widget_type=\"icon-box.default\">\n\t\t\t\t<div class=\"elementor-widget-container\">\n\t\t\t\t\t<div class=\"elementor-icon-box-wrapper\">\n\t\t\t\t\t\t<div class=\"elementor-icon-box-icon\">\n\t\t\t\t<span class=\"elementor-icon elementor-animation-\" >\n\t\t\t\t<i aria-hidden=\"true\" class=\"fas fa-map-marker-alt\"><\/i>\t\t\t\t<\/span>\n\t\t\t<\/div>\n\t\t\t\t\t\t<div class=\"elementor-icon-box-content\">\n\t\t\t\t<h3 class=\"elementor-icon-box-title\">\n\t\t\t\t\t<span >UBICACI\u00d3N<\/span>\n\t\t\t\t<\/h3>\n\t\t\t\t\t\t\t\t<p class=\"elementor-icon-box-description\">Calle Arrabal, 12, \n\n39003 Santander (Cantabria)<\/p>\n\t\t\t\t\t\t\t<\/div>\n\t\t<\/div>\n\t\t\t\t<\/div>\n\t\t\t\t<\/div>\n\t\t\t\t\t<\/div>\n\t\t<\/div>\n\t\t\t\t<div class=\"elementor-column elementor-col-33 elementor-top-column elementor-element elementor-element-85212aa\" data-id=\"85212aa\" data-element_type=\"column\" data-settings=\"{&quot;background_background&quot;:&quot;classic&quot;}\">\n\t\t\t<div class=\"elementor-widget-wrap elementor-element-populated\">\n\t\t\t\t\t\t\t\t<div class=\"elementor-element elementor-element-fde45ba elementor-view-default elementor-position-top elementor-vertical-align-top elementor-widget elementor-widget-icon-box\" data-id=\"fde45ba\" data-element_type=\"widget\" data-widget_type=\"icon-box.default\">\n\t\t\t\t<div class=\"elementor-widget-container\">\n\t\t\t\t\t<div class=\"elementor-icon-box-wrapper\">\n\t\t\t\t\t\t<div class=\"elementor-icon-box-icon\">\n\t\t\t\t<span class=\"elementor-icon elementor-animation-\" >\n\t\t\t\t<i aria-hidden=\"true\" class=\"fas fa-envelope\"><\/i>\t\t\t\t<\/span>\n\t\t\t<\/div>\n\t\t\t\t\t\t<div class=\"elementor-icon-box-content\">\n\t\t\t\t<h3 class=\"elementor-icon-box-title\">\n\t\t\t\t\t<span >CORREO<\/span>\n\t\t\t\t<\/h3>\n\t\t\t\t\t\t\t\t<p class=\"elementor-icon-box-description\">purifvf02@gmail.com<\/p>\n\t\t\t\t\t\t\t<\/div>\n\t\t<\/div>\n\t\t\t\t<\/div>\n\t\t\t\t<\/div>\n\t\t\t\t\t<\/div>\n\t\t<\/div>\n\t\t\t\t<div class=\"elementor-column elementor-col-33 elementor-top-column elementor-element elementor-element-12e8271\" data-id=\"12e8271\" data-element_type=\"column\" data-settings=\"{&quot;background_background&quot;:&quot;classic&quot;}\">\n\t\t\t<div class=\"elementor-widget-wrap elementor-element-populated\">\n\t\t\t\t\t\t\t\t<div class=\"elementor-element elementor-element-8aaa329 elementor-view-default elementor-position-top elementor-vertical-align-top elementor-widget elementor-widget-icon-box\" data-id=\"8aaa329\" data-element_type=\"widget\" data-widget_type=\"icon-box.default\">\n\t\t\t\t<div class=\"elementor-widget-container\">\n\t\t\t\t\t<div class=\"elementor-icon-box-wrapper\">\n\t\t\t\t\t\t<div class=\"elementor-icon-box-icon\">\n\t\t\t\t<span class=\"elementor-icon elementor-animation-\" >\n\t\t\t\t<i aria-hidden=\"true\" class=\"fas fa-phone-alt\"><\/i>\t\t\t\t<\/span>\n\t\t\t<\/div>\n\t\t\t\t\t\t<div class=\"elementor-icon-box-content\">\n\t\t\t\t<h3 class=\"elementor-icon-box-title\">\n\t\t\t\t\t<span >TEL\u00c9FONO<\/span>\n\t\t\t\t<\/h3>\n\t\t\t\t\t\t\t\t<p class=\"elementor-icon-box-description\">942 214 757<\/p>\n\t\t\t\t\t\t\t<\/div>\n\t\t<\/div>\n\t\t\t\t<\/div>\n\t\t\t\t<\/div>\n\t\t\t\t\t<\/div>\n\t\t<\/div>\n\t\t\t\t\t\t\t<\/div>\n\t\t<\/section>\n\t\t\t\t<section class=\"elementor-section elementor-top-section elementor-element elementor-element-dbf46fd elementor-section-boxed elementor-section-height-default elementor-section-height-default\" data-id=\"dbf46fd\" data-element_type=\"section\">\n\t\t\t\t\t\t<div class=\"elementor-container elementor-column-gap-default\">\n\t\t\t\t\t<div class=\"elementor-column elementor-col-100 elementor-top-column elementor-element elementor-element-5c5d5b5\" data-id=\"5c5d5b5\" data-element_type=\"column\">\n\t\t\t<div class=\"elementor-widget-wrap elementor-element-populated\">\n\t\t\t\t\t\t\t\t<div class=\"elementor-element elementor-element-2fc8af5 elementor-widget elementor-widget-spacer\" data-id=\"2fc8af5\" data-element_type=\"widget\" data-widget_type=\"spacer.default\">\n\t\t\t\t<div class=\"elementor-widget-container\">\n\t\t\t\t\t<div class=\"elementor-spacer\">\n\t\t\t<div class=\"elementor-spacer-inner\"><\/div>\n\t\t<\/div>\n\t\t\t\t<\/div>\n\t\t\t\t<\/div>\n\t\t\t\t\t<\/div>\n\t\t<\/div>\n\t\t\t\t\t\t\t<\/div>\n\t\t<\/section>\n\t\t\t\t<section class=\"elementor-section elementor-top-section elementor-element elementor-element-29e817d elementor-section-boxed elementor-section-height-default elementor-section-height-default\" data-id=\"29e817d\" data-element_type=\"section\">\n\t\t\t\t\t\t<div class=\"elementor-container elementor-column-gap-default\">\n\t\t\t\t\t<div class=\"elementor-column elementor-col-100 elementor-top-column elementor-element elementor-element-1016a64\" data-id=\"1016a64\" data-element_type=\"column\">\n\t\t\t<div class=\"elementor-widget-wrap elementor-element-populated\">\n\t\t\t\t\t\t\t\t<div class=\"elementor-element elementor-element-703bf09 elementor-widget elementor-widget-google_maps\" data-id=\"703bf09\" data-element_type=\"widget\" data-widget_type=\"google_maps.default\">\n\t\t\t\t<div class=\"elementor-widget-container\">\n\t\t\t<div class=\"elementor-custom-embed\"><iframe frameborder=\"0\" scrolling=\"no\" marginheight=\"0\" marginwidth=\"0\" src=\"https:\/\/maps.google.com\/maps?q=%20Calle%20Arrabal%2C%2012%2C%2039003%20Santander%2C%20Cantabria&amp;t=m&amp;z=15&amp;output=embed&amp;iwloc=near\" title=\" Calle Arrabal, 12, 39003 Santander, Cantabria\" aria-label=\" Calle Arrabal, 12, 39003 Santander, Cantabria\"><\/iframe><\/div>\t\t<\/div>\n\t\t\t\t<\/div>\n\t\t\t\t\t<\/div>\n\t\t<\/div>\n\t\t\t\t\t\t\t<\/div>\n\t\t<\/section>\n\t\t\t\t<section class=\"elementor-section elementor-top-section elementor-element elementor-element-7595a28 elementor-section-boxed elementor-section-height-default elementor-section-height-default\" data-id=\"7595a28\" data-element_type=\"section\">\n\t\t\t\t\t\t<div class=\"elementor-container elementor-column-gap-default\">\n\t\t\t\t\t<div class=\"elementor-column elementor-col-100 elementor-top-column elementor-element elementor-element-76286e1\" data-id=\"76286e1\" data-element_type=\"column\">\n\t\t\t<div class=\"elementor-widget-wrap elementor-element-populated\">\n\t\t\t\t\t\t\t\t<div class=\"elementor-element elementor-element-2944965 elementor-widget-divider--view-line elementor-widget elementor-widget-divider\" data-id=\"2944965\" data-element_type=\"widget\" data-widget_type=\"divider.default\">\n\t\t\t\t<div class=\"elementor-widget-container\">\n\t\t\t\t\t<div class=\"elementor-divider\">\n\t\t\t<span class=\"elementor-divider-separator\">\n\t\t\t\t\t\t<\/span>\n\t\t<\/div>\n\t\t\t\t<\/div>\n\t\t\t\t<\/div>\n\t\t\t\t\t<\/div>\n\t\t<\/div>\n\t\t\t\t\t\t\t<\/div>\n\t\t<\/section>\n\t\t\t\t\t\t<\/div>\n\t\t\t\t\t<\/div>\n\t\t","protected":false},"excerpt":{"rendered":"<p>CONTACTO CUALQUIER DUDA QUE TENGA CONTACTE SIN NING\u00daN TIPO DE COMPROMISO, DE LA FORMA QUE M\u00c1S F\u00c1CIL LE RESULTE. MUCHAS GRACIAS HORARIO MA\u00d1ANA Y TARDE UBICACI\u00d3N Calle Arrabal, 12, 39003 Santander (Cantabria) CORREO purifvf02@gmail.com TEL\u00c9FONO 942 214 757<\/p>\n","protected":false},"author":1,"featured_media":0,"parent":0,"menu_order":0,"comment_status":"closed","ping_status":"closed","template":"elementor_header_footer","meta":[],"yoast_head":"<!-- This site is optimized with the Yoast SEO plugin v16.2 - https:\/\/yoast.com\/wordpress\/plugins\/seo\/ -->\n<title>CONTACTO - Purificaci\u00f3n Vega<\/title>\n<meta name=\"robots\" content=\"index, follow, max-snippet:-1, max-image-preview:large, max-video-preview:-1\" \/>\n<link rel=\"canonical\" href=\"https:\/\/psicologiaclinicasantander.es\/index.php\/contacto\/\" \/>\n<meta property=\"og:locale\" content=\"es_ES\" \/>\n<meta property=\"og:type\" content=\"article\" \/>\n<meta property=\"og:title\" content=\"CONTACTO - Purificaci\u00f3n Vega\" \/>\n<meta property=\"og:description\" content=\"CONTACTO CUALQUIER DUDA QUE TENGA CONTACTE SIN NING\u00daN TIPO DE COMPROMISO, DE LA FORMA QUE M\u00c1S F\u00c1CIL LE RESULTE. MUCHAS GRACIAS HORARIO MA\u00d1ANA Y TARDE UBICACI\u00d3N Calle Arrabal, 12, 39003 Santander (Cantabria) CORREO purifvf02@gmail.com TEL\u00c9FONO 942 214 757\" \/>\n<meta property=\"og:url\" content=\"https:\/\/psicologiaclinicasantander.es\/index.php\/contacto\/\" \/>\n<meta property=\"og:site_name\" content=\"Purificaci\u00f3n Vega\" \/>\n<meta property=\"article:modified_time\" content=\"2021-05-13T16:31:40+00:00\" \/>\n<meta property=\"og:image\" content=\"http:\/\/psicologiaclinicasantander.es\/wp-content\/uploads\/2021\/05\/resize.jpg\" \/>\n<meta name=\"twitter:card\" content=\"summary_large_image\" \/>\n<script type=\"application\/ld+json\" class=\"yoast-schema-graph\">{\"@context\":\"https:\/\/schema.org\",\"@graph\":[{\"@type\":\"WebSite\",\"@id\":\"http:\/\/psicologiaclinicasantander.es\/#website\",\"url\":\"http:\/\/psicologiaclinicasantander.es\/\",\"name\":\"Purificaci\\u00f3n Vega\",\"description\":\"Consulta Psicolog\\u00eda Cl\\u00ednica en Santander\",\"potentialAction\":[{\"@type\":\"SearchAction\",\"target\":\"http:\/\/psicologiaclinicasantander.es\/?s={search_term_string}\",\"query-input\":\"required name=search_term_string\"}],\"inLanguage\":\"es\"},{\"@type\":\"ImageObject\",\"@id\":\"https:\/\/psicologiaclinicasantander.es\/index.php\/contacto\/#primaryimage\",\"inLanguage\":\"es\",\"url\":\"http:\/\/psicologiaclinicasantander.es\/wp-content\/uploads\/2021\/05\/resize.jpg\",\"contentUrl\":\"http:\/\/psicologiaclinicasantander.es\/wp-content\/uploads\/2021\/05\/resize.jpg\"},{\"@type\":\"WebPage\",\"@id\":\"https:\/\/psicologiaclinicasantander.es\/index.php\/contacto\/#webpage\",\"url\":\"https:\/\/psicologiaclinicasantander.es\/index.php\/contacto\/\",\"name\":\"CONTACTO - Purificaci\\u00f3n Vega\",\"isPartOf\":{\"@id\":\"http:\/\/psicologiaclinicasantander.es\/#website\"},\"primaryImageOfPage\":{\"@id\":\"https:\/\/psicologiaclinicasantander.es\/index.php\/contacto\/#primaryimage\"},\"datePublished\":\"2021-05-13T14:48:33+00:00\",\"dateModified\":\"2021-05-13T16:31:40+00:00\",\"breadcrumb\":{\"@id\":\"https:\/\/psicologiaclinicasantander.es\/index.php\/contacto\/#breadcrumb\"},\"inLanguage\":\"es\",\"potentialAction\":[{\"@type\":\"ReadAction\",\"target\":[\"https:\/\/psicologiaclinicasantander.es\/index.php\/contacto\/\"]}]},{\"@type\":\"BreadcrumbList\",\"@id\":\"https:\/\/psicologiaclinicasantander.es\/index.php\/contacto\/#breadcrumb\",\"itemListElement\":[{\"@type\":\"ListItem\",\"position\":1,\"item\":{\"@type\":\"WebPage\",\"@id\":\"https:\/\/psicologiaclinicasantander.es\/\",\"url\":\"https:\/\/psicologiaclinicasantander.es\/\",\"name\":\"Portada\"}},{\"@type\":\"ListItem\",\"position\":2,\"item\":{\"@id\":\"https:\/\/psicologiaclinicasantander.es\/index.php\/contacto\/#webpage\"}}]}]}<\/script>\n<!-- \/ Yoast SEO plugin. -->","_links":{"self":[{"href":"https:\/\/psicologiaclinicasantander.es\/index.php\/wp-json\/wp\/v2\/pages\/11"}],"collection":[{"href":"https:\/\/psicologiaclinicasantander.es\/index.php\/wp-json\/wp\/v2\/pages"}],"about":[{"href":"https:\/\/psicologiaclinicasantander.es\/index.php\/wp-json\/wp\/v2\/types\/page"}],"author":[{"embeddable":true,"href":"https:\/\/psicologiaclinicasantander.es\/index.php\/wp-json\/wp\/v2\/users\/1"}],"replies":[{"embeddable":true,"href":"https:\/\/psicologiaclinicasantander.es\/index.php\/wp-json\/wp\/v2\/comments?post=11"}],"version-history":[{"count":16,"href":"https:\/\/psicologiaclinicasantander.es\/index.php\/wp-json\/wp\/v2\/pages\/11\/revisions"}],"predecessor-version":[{"id":150,"href":"https:\/\/psicologiaclinicasantander.es\/index.php\/wp-json\/wp\/v2\/pages\/11\/revisions\/150"}],"wp:attachment":[{"href":"https:\/\/psicologiaclinicasantander.es\/index.php\/wp-json\/wp\/v2\/media?parent=11"}],"curies":[{"name":"wp","href":"https:\/\/api.w.org\/{rel}","templated":true}]}}