{"id":5,"date":"2021-05-13T14:16:51","date_gmt":"2021-05-13T14:16:51","guid":{"rendered":"https:\/\/psicologiaclinicasantander.es\/?page_id=5"},"modified":"2021-05-13T17:00:31","modified_gmt":"2021-05-13T17:00:31","slug":"home","status":"publish","type":"page","link":"https:\/\/psicologiaclinicasantander.es\/","title":{"rendered":"Home"},"content":{"rendered":"\t\t<div data-elementor-type=\"wp-page\" data-elementor-id=\"5\" class=\"elementor elementor-5\" data-elementor-settings=\"[]\">\n\t\t\t\t\t\t\t<div class=\"elementor-section-wrap\">\n\t\t\t\t\t\t\t<section class=\"elementor-section elementor-top-section elementor-element elementor-element-f8bfe96 elementor-section-boxed elementor-section-height-default elementor-section-height-default\" data-id=\"f8bfe96\" data-element_type=\"section\">\n\t\t\t\t\t\t<div class=\"elementor-container elementor-column-gap-default\">\n\t\t\t\t\t<div class=\"elementor-column elementor-col-100 elementor-top-column elementor-element elementor-element-607c6fb\" data-id=\"607c6fb\" data-element_type=\"column\">\n\t\t\t<div class=\"elementor-widget-wrap elementor-element-populated\">\n\t\t\t\t\t\t\t\t<div class=\"elementor-element elementor-element-99241c0 elementor-arrows-position-inside elementor-widget elementor-widget-image-carousel\" data-id=\"99241c0\" data-element_type=\"widget\" data-settings=\"{&quot;slides_to_show&quot;:&quot;1&quot;,&quot;navigation&quot;:&quot;arrows&quot;,&quot;autoplay&quot;:&quot;yes&quot;,&quot;pause_on_hover&quot;:&quot;yes&quot;,&quot;pause_on_interaction&quot;:&quot;yes&quot;,&quot;autoplay_speed&quot;:5000,&quot;infinite&quot;:&quot;yes&quot;,&quot;effect&quot;:&quot;slide&quot;,&quot;speed&quot;:500}\" data-widget_type=\"image-carousel.default\">\n\t\t\t\t<div class=\"elementor-widget-container\">\n\t\t\t\t\t<div class=\"elementor-image-carousel-wrapper swiper-container\" dir=\"ltr\">\n\t\t\t<div class=\"elementor-image-carousel swiper-wrapper swiper-image-stretch\">\n\t\t\t\t<div class=\"swiper-slide\"><figure class=\"swiper-slide-inner\"><img class=\"swiper-slide-image\" src=\"https:\/\/psicologiaclinicasantander.es\/wp-content\/uploads\/2021\/05\/534787-banner-1.jpg\" alt=\"534787-banner-1\" \/><\/figure><\/div><div class=\"swiper-slide\"><figure class=\"swiper-slide-inner\"><img class=\"swiper-slide-image\" src=\"https:\/\/psicologiaclinicasantander.es\/wp-content\/uploads\/2021\/05\/534788-banner-2.w1024.jpg\" alt=\"534788-banner-2.w1024\" \/><\/figure><\/div><div class=\"swiper-slide\"><figure class=\"swiper-slide-inner\"><img class=\"swiper-slide-image\" src=\"https:\/\/psicologiaclinicasantander.es\/wp-content\/uploads\/2021\/05\/534789-banner-3.jpg\" alt=\"534789-banner-3\" \/><\/figure><\/div>\t\t\t<\/div>\n\t\t\t\t\t\t\t\t\t\t\t\t\t\t\t\t<div class=\"elementor-swiper-button elementor-swiper-button-prev\">\n\t\t\t\t\t\t<i class=\"eicon-chevron-left\" aria-hidden=\"true\"><\/i>\n\t\t\t\t\t\t<span class=\"elementor-screen-only\">Anterior<\/span>\n\t\t\t\t\t<\/div>\n\t\t\t\t\t<div class=\"elementor-swiper-button elementor-swiper-button-next\">\n\t\t\t\t\t\t<i class=\"eicon-chevron-right\" aria-hidden=\"true\"><\/i>\n\t\t\t\t\t\t<span class=\"elementor-screen-only\">Siguiente<\/span>\n\t\t\t\t\t<\/div>\n\t\t\t\t\t\t\t\t\t<\/div>\n\t\t\t\t<\/div>\n\t\t\t\t<\/div>\n\t\t\t\t\t<\/div>\n\t\t<\/div>\n\t\t\t\t\t\t\t<\/div>\n\t\t<\/section>\n\t\t\t\t<section class=\"elementor-section elementor-top-section elementor-element elementor-element-cb7b09e elementor-section-boxed elementor-section-height-default elementor-section-height-default\" data-id=\"cb7b09e\" data-element_type=\"section\">\n\t\t\t\t\t\t<div class=\"elementor-container elementor-column-gap-default\">\n\t\t\t\t\t<div class=\"elementor-column elementor-col-100 elementor-top-column elementor-element elementor-element-eec2bf3\" data-id=\"eec2bf3\" data-element_type=\"column\">\n\t\t\t<div class=\"elementor-widget-wrap elementor-element-populated\">\n\t\t\t\t\t\t\t\t<div class=\"elementor-element elementor-element-3736bc2 elementor-widget elementor-widget-spacer\" data-id=\"3736bc2\" data-element_type=\"widget\" data-widget_type=\"spacer.default\">\n\t\t\t\t<div class=\"elementor-widget-container\">\n\t\t\t\t\t<div class=\"elementor-spacer\">\n\t\t\t<div class=\"elementor-spacer-inner\"><\/div>\n\t\t<\/div>\n\t\t\t\t<\/div>\n\t\t\t\t<\/div>\n\t\t\t\t\t<\/div>\n\t\t<\/div>\n\t\t\t\t\t\t\t<\/div>\n\t\t<\/section>\n\t\t\t\t<section class=\"elementor-section elementor-top-section elementor-element elementor-element-6e4a7ea elementor-section-boxed elementor-section-height-default elementor-section-height-default\" data-id=\"6e4a7ea\" data-element_type=\"section\">\n\t\t\t\t\t\t<div class=\"elementor-container elementor-column-gap-default\">\n\t\t\t\t\t<div class=\"elementor-column elementor-col-100 elementor-top-column elementor-element elementor-element-4927871\" data-id=\"4927871\" data-element_type=\"column\">\n\t\t\t<div class=\"elementor-widget-wrap elementor-element-populated\">\n\t\t\t\t\t\t\t\t<div class=\"elementor-element elementor-element-38a91ff elementor-widget-divider--view-line elementor-widget elementor-widget-divider\" data-id=\"38a91ff\" data-element_type=\"widget\" data-widget_type=\"divider.default\">\n\t\t\t\t<div class=\"elementor-widget-container\">\n\t\t\t\t\t<div class=\"elementor-divider\">\n\t\t\t<span class=\"elementor-divider-separator\">\n\t\t\t\t\t\t<\/span>\n\t\t<\/div>\n\t\t\t\t<\/div>\n\t\t\t\t<\/div>\n\t\t\t\t\t<\/div>\n\t\t<\/div>\n\t\t\t\t\t\t\t<\/div>\n\t\t<\/section>\n\t\t\t\t<section class=\"elementor-section elementor-top-section elementor-element elementor-element-ea14795 elementor-section-boxed elementor-section-height-default elementor-section-height-default\" data-id=\"ea14795\" data-element_type=\"section\">\n\t\t\t\t\t\t<div class=\"elementor-container elementor-column-gap-default\">\n\t\t\t\t\t<div class=\"elementor-column elementor-col-50 elementor-top-column elementor-element elementor-element-8704ab6\" data-id=\"8704ab6\" data-element_type=\"column\">\n\t\t\t<div class=\"elementor-widget-wrap elementor-element-populated\">\n\t\t\t\t\t\t\t\t<div class=\"elementor-element elementor-element-ed87a63 elementor-widget elementor-widget-text-editor\" data-id=\"ed87a63\" data-element_type=\"widget\" data-widget_type=\"text-editor.default\">\n\t\t\t\t<div class=\"elementor-widget-container\">\n\t\t\t\t\t\t\t\t<p class=\"bodytext\">Soy\u00a0<strong>psic\u00f3loga cl\u00ednica<\/strong>\u00a0y trabajo con adultos y adolescentes desde una orientaci\u00f3n psicoanal\u00edtica.<\/p><p class=\"bodytext\">En mi consulta privada ofrezco una ayuda terap\u00e9utica con el fin de conseguir un mayor bienestar personal. Voy a escuchar e intentar entender para ayudar a pensar, encontrar sentido y de esta manera elaborar lo que ocurre dentro de cada uno que nos condiciona y nos hace sufrir.<\/p><p class=\"bodytext\">Cuando alguien me consulta valoro cual es la naturaleza del problema, el funcionamiento ps\u00edquico y las circunstancias personales del momento y teniendo todo esto en cuenta propongo la mejor opci\u00f3n posible. A veces simplemente planteo un apoyo o acompa\u00f1amiento en una coyuntura vital, otras veces si es lo indicado propongo un\u00a0trabajo personal <a href=\"https:\/\/psicologiaclinicasantander.es\/index.php\/psicoterapia-psicoanalitica\/\">(psicoterapia psicoanal\u00edtica).<\/a><\/p>\t\t\t\t\t\t<\/div>\n\t\t\t\t<\/div>\n\t\t\t\t\t<\/div>\n\t\t<\/div>\n\t\t\t\t<div class=\"elementor-column elementor-col-50 elementor-top-column elementor-element elementor-element-43bec25\" data-id=\"43bec25\" data-element_type=\"column\" data-settings=\"{&quot;background_background&quot;:&quot;classic&quot;}\">\n\t\t\t<div class=\"elementor-widget-wrap elementor-element-populated\">\n\t\t\t\t\t\t\t\t<div class=\"elementor-element elementor-element-8232a81 elementor-widget elementor-widget-image\" data-id=\"8232a81\" data-element_type=\"widget\" data-widget_type=\"image.default\">\n\t\t\t\t<div class=\"elementor-widget-container\">\n\t\t\t\t\t\t\t\t\t\t\t\t\t\t\t<img width=\"456\" height=\"319\" src=\"https:\/\/psicologiaclinicasantander.es\/wp-content\/uploads\/2021\/05\/534826-signo-de-pregunta.jpg\" class=\"attachment-large size-large\" alt=\"\" loading=\"lazy\" srcset=\"https:\/\/psicologiaclinicasantander.es\/wp-content\/uploads\/2021\/05\/534826-signo-de-pregunta.jpg 456w, https:\/\/psicologiaclinicasantander.es\/wp-content\/uploads\/2021\/05\/534826-signo-de-pregunta-300x210.jpg 300w\" sizes=\"(max-width: 456px) 100vw, 456px\" style=\"width:100%;height:69.96%;max-width:456px;\" \/>\t\t\t\t\t\t\t\t\t\t\t\t\t\t\t<\/div>\n\t\t\t\t<\/div>\n\t\t\t\t\t<\/div>\n\t\t<\/div>\n\t\t\t\t\t\t\t<\/div>\n\t\t<\/section>\n\t\t\t\t<section class=\"elementor-section elementor-top-section elementor-element elementor-element-5c8191f elementor-section-boxed elementor-section-height-default elementor-section-height-default\" data-id=\"5c8191f\" data-element_type=\"section\">\n\t\t\t\t\t\t<div class=\"elementor-container elementor-column-gap-default\">\n\t\t\t\t\t<div class=\"elementor-column elementor-col-100 elementor-top-column elementor-element elementor-element-c8226a8\" data-id=\"c8226a8\" data-element_type=\"column\">\n\t\t\t<div class=\"elementor-widget-wrap elementor-element-populated\">\n\t\t\t\t\t\t\t\t<div class=\"elementor-element elementor-element-61aaf74 elementor-widget-divider--view-line elementor-widget elementor-widget-divider\" data-id=\"61aaf74\" data-element_type=\"widget\" data-widget_type=\"divider.default\">\n\t\t\t\t<div class=\"elementor-widget-container\">\n\t\t\t\t\t<div class=\"elementor-divider\">\n\t\t\t<span class=\"elementor-divider-separator\">\n\t\t\t\t\t\t<\/span>\n\t\t<\/div>\n\t\t\t\t<\/div>\n\t\t\t\t<\/div>\n\t\t\t\t\t<\/div>\n\t\t<\/div>\n\t\t\t\t\t\t\t<\/div>\n\t\t<\/section>\n\t\t\t\t\t\t<\/div>\n\t\t\t\t\t<\/div>\n\t\t","protected":false},"excerpt":{"rendered":"<p>Anterior Siguiente Soy&nbsp;psic\u00f3loga cl\u00ednica&nbsp;y trabajo con adultos y adolescentes desde una orientaci\u00f3n psicoanal\u00edtica. En mi consulta privada ofrezco una ayuda terap\u00e9utica con el fin de conseguir un mayor bienestar personal. Voy a escuchar e intentar entender para ayudar a pensar, encontrar sentido y de esta manera elaborar lo que ocurre dentro de cada uno que&hellip; <a class=\"more-link\" href=\"https:\/\/psicologiaclinicasantander.es\/\">Seguir leyendo <span class=\"screen-reader-text\">Home<\/span><\/a><\/p>\n","protected":false},"author":1,"featured_media":0,"parent":0,"menu_order":0,"comment_status":"closed","ping_status":"closed","template":"elementor_header_footer","meta":[],"yoast_head":"<!-- This site is optimized with the Yoast SEO plugin v16.2 - https:\/\/yoast.com\/wordpress\/plugins\/seo\/ -->\n<title>Consulta Psicolog\u00eda | Purificaci\u00f3n Vega<\/title>\n<meta name=\"description\" content=\"Soy psic\u00f3loga cl\u00ednica y trabajo en mi consulta privada con adultos y adolescentes desde una orientaci\u00f3n psicoanal\u00edtica.\" \/>\n<meta name=\"robots\" content=\"index, follow, max-snippet:-1, max-image-preview:large, max-video-preview:-1\" \/>\n<link rel=\"canonical\" href=\"https:\/\/psicologiaclinicasantander.es\/\" \/>\n<meta property=\"og:locale\" content=\"es_ES\" \/>\n<meta property=\"og:type\" content=\"article\" \/>\n<meta property=\"og:title\" content=\"Consulta Psicolog\u00eda | Purificaci\u00f3n Vega\" \/>\n<meta property=\"og:description\" content=\"Soy psic\u00f3loga cl\u00ednica y trabajo en mi consulta privada con adultos y adolescentes desde una orientaci\u00f3n psicoanal\u00edtica.\" \/>\n<meta property=\"og:url\" content=\"https:\/\/psicologiaclinicasantander.es\/\" \/>\n<meta property=\"og:site_name\" content=\"Purificaci\u00f3n Vega\" \/>\n<meta property=\"article:modified_time\" content=\"2021-05-13T17:00:31+00:00\" \/>\n<meta property=\"og:image\" content=\"http:\/\/psicologiaclinicasantander.es\/wp-content\/uploads\/2021\/05\/534787-banner-1.jpg\" \/>\n<meta name=\"twitter:card\" content=\"summary_large_image\" \/>\n<meta name=\"twitter:label1\" content=\"Tiempo de lectura\">\n\t<meta name=\"twitter:data1\" content=\"2 minutos\">\n<script type=\"application\/ld+json\" class=\"yoast-schema-graph\">{\"@context\":\"https:\/\/schema.org\",\"@graph\":[{\"@type\":\"WebSite\",\"@id\":\"http:\/\/psicologiaclinicasantander.es\/#website\",\"url\":\"http:\/\/psicologiaclinicasantander.es\/\",\"name\":\"Purificaci\\u00f3n Vega\",\"description\":\"Consulta Psicolog\\u00eda Cl\\u00ednica en Santander\",\"potentialAction\":[{\"@type\":\"SearchAction\",\"target\":\"http:\/\/psicologiaclinicasantander.es\/?s={search_term_string}\",\"query-input\":\"required name=search_term_string\"}],\"inLanguage\":\"es\"},{\"@type\":\"ImageObject\",\"@id\":\"https:\/\/psicologiaclinicasantander.es\/#primaryimage\",\"inLanguage\":\"es\",\"url\":\"http:\/\/psicologiaclinicasantander.es\/wp-content\/uploads\/2021\/05\/534787-banner-1.jpg\",\"contentUrl\":\"http:\/\/psicologiaclinicasantander.es\/wp-content\/uploads\/2021\/05\/534787-banner-1.jpg\"},{\"@type\":\"WebPage\",\"@id\":\"https:\/\/psicologiaclinicasantander.es\/#webpage\",\"url\":\"https:\/\/psicologiaclinicasantander.es\/\",\"name\":\"Consulta Psicolog\\u00eda | Purificaci\\u00f3n Vega\",\"isPartOf\":{\"@id\":\"http:\/\/psicologiaclinicasantander.es\/#website\"},\"primaryImageOfPage\":{\"@id\":\"https:\/\/psicologiaclinicasantander.es\/#primaryimage\"},\"datePublished\":\"2021-05-13T14:16:51+00:00\",\"dateModified\":\"2021-05-13T17:00:31+00:00\",\"description\":\"Soy psic\\u00f3loga cl\\u00ednica y trabajo en mi consulta privada con adultos y adolescentes desde una orientaci\\u00f3n psicoanal\\u00edtica.\",\"breadcrumb\":{\"@id\":\"https:\/\/psicologiaclinicasantander.es\/#breadcrumb\"},\"inLanguage\":\"es\",\"potentialAction\":[{\"@type\":\"ReadAction\",\"target\":[\"https:\/\/psicologiaclinicasantander.es\/\"]}]},{\"@type\":\"BreadcrumbList\",\"@id\":\"https:\/\/psicologiaclinicasantander.es\/#breadcrumb\",\"itemListElement\":[{\"@type\":\"ListItem\",\"position\":1,\"item\":{\"@type\":\"WebPage\",\"@id\":\"https:\/\/psicologiaclinicasantander.es\/\",\"url\":\"https:\/\/psicologiaclinicasantander.es\/\",\"name\":\"Portada\"}},{\"@type\":\"ListItem\",\"position\":2,\"item\":{\"@id\":\"https:\/\/psicologiaclinicasantander.es\/#webpage\"}}]}]}<\/script>\n<!-- \/ Yoast SEO plugin. -->","_links":{"self":[{"href":"https:\/\/psicologiaclinicasantander.es\/index.php\/wp-json\/wp\/v2\/pages\/5"}],"collection":[{"href":"https:\/\/psicologiaclinicasantander.es\/index.php\/wp-json\/wp\/v2\/pages"}],"about":[{"href":"https:\/\/psicologiaclinicasantander.es\/index.php\/wp-json\/wp\/v2\/types\/page"}],"author":[{"embeddable":true,"href":"https:\/\/psicologiaclinicasantander.es\/index.php\/wp-json\/wp\/v2\/users\/1"}],"replies":[{"embeddable":true,"href":"https:\/\/psicologiaclinicasantander.es\/index.php\/wp-json\/wp\/v2\/comments?post=5"}],"version-history":[{"count":30,"href":"https:\/\/psicologiaclinicasantander.es\/index.php\/wp-json\/wp\/v2\/pages\/5\/revisions"}],"predecessor-version":[{"id":163,"href":"https:\/\/psicologiaclinicasantander.es\/index.php\/wp-json\/wp\/v2\/pages\/5\/revisions\/163"}],"wp:attachment":[{"href":"https:\/\/psicologiaclinicasantander.es\/index.php\/wp-json\/wp\/v2\/media?parent=5"}],"curies":[{"name":"wp","href":"https:\/\/api.w.org\/{rel}","templated":true}]}}