{"id":9,"date":"2021-05-13T14:48:16","date_gmt":"2021-05-13T14:48:16","guid":{"rendered":"https:\/\/psicologiaclinicasantander.es\/?page_id=9"},"modified":"2021-05-13T16:51:11","modified_gmt":"2021-05-13T16:51:11","slug":"cuando-pedir-ayuda","status":"publish","type":"page","link":"https:\/\/psicologiaclinicasantander.es\/index.php\/cuando-pedir-ayuda\/","title":{"rendered":"CUANDO PEDIR AYUDA"},"content":{"rendered":"\t\t<div data-elementor-type=\"wp-page\" data-elementor-id=\"9\" class=\"elementor elementor-9\" data-elementor-settings=\"[]\">\n\t\t\t\t\t\t\t<div class=\"elementor-section-wrap\">\n\t\t\t\t\t\t\t<section class=\"elementor-section elementor-top-section elementor-element elementor-element-dc082a3 elementor-section-boxed elementor-section-height-default elementor-section-height-default\" data-id=\"dc082a3\" data-element_type=\"section\">\n\t\t\t\t\t\t<div class=\"elementor-container elementor-column-gap-default\">\n\t\t\t\t\t<div class=\"elementor-column elementor-col-100 elementor-top-column elementor-element elementor-element-a74f3f5\" data-id=\"a74f3f5\" data-element_type=\"column\">\n\t\t\t<div class=\"elementor-widget-wrap elementor-element-populated\">\n\t\t\t\t\t\t\t\t<div class=\"elementor-element elementor-element-f787c51 elementor-widget elementor-widget-image\" data-id=\"f787c51\" data-element_type=\"widget\" data-widget_type=\"image.default\">\n\t\t\t\t<div class=\"elementor-widget-container\">\n\t\t\t\t\t\t\t\t\t\t\t\t\t\t\t<img width=\"960\" height=\"348\" src=\"https:\/\/psicologiaclinicasantander.es\/wp-content\/uploads\/2021\/05\/resize.jpg\" class=\"attachment-full size-full\" alt=\"\" loading=\"lazy\" srcset=\"https:\/\/psicologiaclinicasantander.es\/wp-content\/uploads\/2021\/05\/resize.jpg 960w, https:\/\/psicologiaclinicasantander.es\/wp-content\/uploads\/2021\/05\/resize-300x109.jpg 300w, https:\/\/psicologiaclinicasantander.es\/wp-content\/uploads\/2021\/05\/resize-768x278.jpg 768w\" sizes=\"(max-width: 960px) 100vw, 960px\" style=\"width:100%;height:36.25%;max-width:960px;\" \/>\t\t\t\t\t\t\t\t\t\t\t\t\t\t\t<\/div>\n\t\t\t\t<\/div>\n\t\t\t\t\t<\/div>\n\t\t<\/div>\n\t\t\t\t\t\t\t<\/div>\n\t\t<\/section>\n\t\t\t\t<section class=\"elementor-section elementor-top-section elementor-element elementor-element-d407512 elementor-section-boxed elementor-section-height-default elementor-section-height-default\" data-id=\"d407512\" data-element_type=\"section\">\n\t\t\t\t\t\t<div class=\"elementor-container elementor-column-gap-default\">\n\t\t\t\t\t<div class=\"elementor-column elementor-col-100 elementor-top-column elementor-element elementor-element-9d17452\" data-id=\"9d17452\" data-element_type=\"column\">\n\t\t\t<div class=\"elementor-widget-wrap elementor-element-populated\">\n\t\t\t\t\t\t\t\t<div class=\"elementor-element elementor-element-342a9cf elementor-widget elementor-widget-spacer\" data-id=\"342a9cf\" data-element_type=\"widget\" data-widget_type=\"spacer.default\">\n\t\t\t\t<div class=\"elementor-widget-container\">\n\t\t\t\t\t<div class=\"elementor-spacer\">\n\t\t\t<div class=\"elementor-spacer-inner\"><\/div>\n\t\t<\/div>\n\t\t\t\t<\/div>\n\t\t\t\t<\/div>\n\t\t\t\t\t<\/div>\n\t\t<\/div>\n\t\t\t\t\t\t\t<\/div>\n\t\t<\/section>\n\t\t\t\t<section class=\"elementor-section elementor-top-section elementor-element elementor-element-726c868 elementor-section-boxed elementor-section-height-default elementor-section-height-default\" data-id=\"726c868\" data-element_type=\"section\">\n\t\t\t\t\t\t<div class=\"elementor-container elementor-column-gap-default\">\n\t\t\t\t\t<div class=\"elementor-column elementor-col-100 elementor-top-column elementor-element elementor-element-46880c6\" data-id=\"46880c6\" data-element_type=\"column\">\n\t\t\t<div class=\"elementor-widget-wrap elementor-element-populated\">\n\t\t\t\t\t\t\t\t<div class=\"elementor-element elementor-element-bbce531 elementor-widget-divider--view-line elementor-widget elementor-widget-divider\" data-id=\"bbce531\" data-element_type=\"widget\" data-widget_type=\"divider.default\">\n\t\t\t\t<div class=\"elementor-widget-container\">\n\t\t\t\t\t<div class=\"elementor-divider\">\n\t\t\t<span class=\"elementor-divider-separator\">\n\t\t\t\t\t\t<\/span>\n\t\t<\/div>\n\t\t\t\t<\/div>\n\t\t\t\t<\/div>\n\t\t\t\t\t<\/div>\n\t\t<\/div>\n\t\t\t\t\t\t\t<\/div>\n\t\t<\/section>\n\t\t\t\t<section class=\"elementor-section elementor-top-section elementor-element elementor-element-1a9b5fe elementor-section-boxed elementor-section-height-default elementor-section-height-default\" data-id=\"1a9b5fe\" data-element_type=\"section\">\n\t\t\t\t\t\t<div class=\"elementor-container elementor-column-gap-default\">\n\t\t\t\t\t<div class=\"elementor-column elementor-col-100 elementor-top-column elementor-element elementor-element-1231feb\" data-id=\"1231feb\" data-element_type=\"column\">\n\t\t\t<div class=\"elementor-widget-wrap elementor-element-populated\">\n\t\t\t\t\t\t\t\t<div class=\"elementor-element elementor-element-aacfa74 elementor-widget elementor-widget-heading\" data-id=\"aacfa74\" data-element_type=\"widget\" data-widget_type=\"heading.default\">\n\t\t\t\t<div class=\"elementor-widget-container\">\n\t\t\t<h2 class=\"elementor-heading-title elementor-size-default\">\u00bfPara qu\u00e9 y qui\u00e9n es indicado?\n<\/h2>\t\t<\/div>\n\t\t\t\t<\/div>\n\t\t\t\t\t<\/div>\n\t\t<\/div>\n\t\t\t\t\t\t\t<\/div>\n\t\t<\/section>\n\t\t\t\t<section class=\"elementor-section elementor-top-section elementor-element elementor-element-a131812 elementor-section-boxed elementor-section-height-default elementor-section-height-default\" data-id=\"a131812\" data-element_type=\"section\">\n\t\t\t\t\t\t<div class=\"elementor-container elementor-column-gap-default\">\n\t\t\t\t\t<div class=\"elementor-column elementor-col-100 elementor-top-column elementor-element elementor-element-702e6a9\" data-id=\"702e6a9\" data-element_type=\"column\">\n\t\t\t<div class=\"elementor-widget-wrap elementor-element-populated\">\n\t\t\t\t\t\t\t\t<div class=\"elementor-element elementor-element-3afdcfd elementor-widget elementor-widget-spacer\" data-id=\"3afdcfd\" data-element_type=\"widget\" data-widget_type=\"spacer.default\">\n\t\t\t\t<div class=\"elementor-widget-container\">\n\t\t\t\t\t<div class=\"elementor-spacer\">\n\t\t\t<div class=\"elementor-spacer-inner\"><\/div>\n\t\t<\/div>\n\t\t\t\t<\/div>\n\t\t\t\t<\/div>\n\t\t\t\t\t<\/div>\n\t\t<\/div>\n\t\t\t\t\t\t\t<\/div>\n\t\t<\/section>\n\t\t\t\t<section class=\"elementor-section elementor-top-section elementor-element elementor-element-c58f6da elementor-section-boxed elementor-section-height-default elementor-section-height-default\" data-id=\"c58f6da\" data-element_type=\"section\">\n\t\t\t\t\t\t<div class=\"elementor-container elementor-column-gap-default\">\n\t\t\t\t\t<div class=\"elementor-column elementor-col-100 elementor-top-column elementor-element elementor-element-aaf8068\" data-id=\"aaf8068\" data-element_type=\"column\">\n\t\t\t<div class=\"elementor-widget-wrap elementor-element-populated\">\n\t\t\t\t\t\t\t\t<div class=\"elementor-element elementor-element-153646f elementor-widget elementor-widget-text-editor\" data-id=\"153646f\" data-element_type=\"widget\" data-widget_type=\"text-editor.default\">\n\t\t\t\t<div class=\"elementor-widget-container\">\n\t\t\t\t\t\t\t\t<p class=\"bodytext\">Cualquier persona que sienta malestar, que tenga la sensaci\u00f3n de que algo anda mal en su vida, que sienta que hay dificultades que no le dejan avanzar y por supuesto aquellas personas que tengan un nivel de sufrimiento importante. Si sentimos que hay algo que se repite y que cada vez genera m\u00e1s conflicto y sufrimiento.<\/p><p class=\"bodytext\">Es indicado para sufrir menos o simplemente entender lo que nos impide relacionarnos de manera adecuada con el entorno (familia, trabajo, amigos, pareja, etc.).<\/p><p class=\"bodytext\">Para cualquier persona que quiera<strong>\u00a0ampliar su universo mental<\/strong>\u00a0y vivir mejor.<\/p>\t\t\t\t\t\t<\/div>\n\t\t\t\t<\/div>\n\t\t\t\t\t<\/div>\n\t\t<\/div>\n\t\t\t\t\t\t\t<\/div>\n\t\t<\/section>\n\t\t\t\t<section class=\"elementor-section elementor-top-section elementor-element elementor-element-9b168a7 elementor-section-boxed elementor-section-height-default elementor-section-height-default\" data-id=\"9b168a7\" data-element_type=\"section\">\n\t\t\t\t\t\t<div class=\"elementor-container elementor-column-gap-default\">\n\t\t\t\t\t<div class=\"elementor-column elementor-col-100 elementor-top-column elementor-element elementor-element-1324aa7\" data-id=\"1324aa7\" data-element_type=\"column\">\n\t\t\t<div class=\"elementor-widget-wrap elementor-element-populated\">\n\t\t\t\t\t\t\t\t<div class=\"elementor-element elementor-element-d110deb elementor-widget-divider--view-line elementor-widget elementor-widget-divider\" data-id=\"d110deb\" data-element_type=\"widget\" data-widget_type=\"divider.default\">\n\t\t\t\t<div class=\"elementor-widget-container\">\n\t\t\t\t\t<div class=\"elementor-divider\">\n\t\t\t<span class=\"elementor-divider-separator\">\n\t\t\t\t\t\t<\/span>\n\t\t<\/div>\n\t\t\t\t<\/div>\n\t\t\t\t<\/div>\n\t\t\t\t\t<\/div>\n\t\t<\/div>\n\t\t\t\t\t\t\t<\/div>\n\t\t<\/section>\n\t\t\t\t\t\t<\/div>\n\t\t\t\t\t<\/div>\n\t\t","protected":false},"excerpt":{"rendered":"<p>\u00bfPara qu\u00e9 y qui\u00e9n es indicado? Cualquier persona que sienta malestar, que tenga la sensaci\u00f3n de que algo anda mal en su vida, que sienta que hay dificultades que no le dejan avanzar y por supuesto aquellas personas que tengan un nivel de sufrimiento importante. Si sentimos que hay algo que se repite y que&hellip; <a class=\"more-link\" href=\"https:\/\/psicologiaclinicasantander.es\/index.php\/cuando-pedir-ayuda\/\">Seguir leyendo <span class=\"screen-reader-text\">CUANDO PEDIR AYUDA<\/span><\/a><\/p>\n","protected":false},"author":1,"featured_media":0,"parent":0,"menu_order":0,"comment_status":"closed","ping_status":"closed","template":"elementor_header_footer","meta":[],"yoast_head":"<!-- This site is optimized with the Yoast SEO plugin v16.2 - https:\/\/yoast.com\/wordpress\/plugins\/seo\/ -->\n<title>CUANDO PEDIR AYUDA - Purificaci\u00f3n Vega<\/title>\n<meta name=\"robots\" content=\"index, follow, max-snippet:-1, max-image-preview:large, max-video-preview:-1\" \/>\n<link rel=\"canonical\" href=\"https:\/\/psicologiaclinicasantander.es\/index.php\/cuando-pedir-ayuda\/\" \/>\n<meta property=\"og:locale\" content=\"es_ES\" \/>\n<meta property=\"og:type\" content=\"article\" \/>\n<meta property=\"og:title\" content=\"CUANDO PEDIR AYUDA - Purificaci\u00f3n Vega\" \/>\n<meta property=\"og:description\" content=\"\u00bfPara qu\u00e9 y qui\u00e9n es indicado? Cualquier persona que sienta malestar, que tenga la sensaci\u00f3n de que algo anda mal en su vida, que sienta que hay dificultades que no le dejan avanzar y por supuesto aquellas personas que tengan un nivel de sufrimiento importante. Si sentimos que hay algo que se repite y que&hellip; Seguir leyendo CUANDO PEDIR AYUDA\" \/>\n<meta property=\"og:url\" content=\"https:\/\/psicologiaclinicasantander.es\/index.php\/cuando-pedir-ayuda\/\" \/>\n<meta property=\"og:site_name\" content=\"Purificaci\u00f3n Vega\" \/>\n<meta property=\"article:modified_time\" content=\"2021-05-13T16:51:11+00:00\" \/>\n<meta property=\"og:image\" content=\"http:\/\/psicologiaclinicasantander.es\/wp-content\/uploads\/2021\/05\/resize.jpg\" \/>\n<meta name=\"twitter:card\" content=\"summary_large_image\" \/>\n<meta name=\"twitter:label1\" content=\"Tiempo de lectura\">\n\t<meta name=\"twitter:data1\" content=\"1 minuto\">\n<script type=\"application\/ld+json\" class=\"yoast-schema-graph\">{\"@context\":\"https:\/\/schema.org\",\"@graph\":[{\"@type\":\"WebSite\",\"@id\":\"http:\/\/psicologiaclinicasantander.es\/#website\",\"url\":\"http:\/\/psicologiaclinicasantander.es\/\",\"name\":\"Purificaci\\u00f3n Vega\",\"description\":\"Consulta Psicolog\\u00eda Cl\\u00ednica en Santander\",\"potentialAction\":[{\"@type\":\"SearchAction\",\"target\":\"http:\/\/psicologiaclinicasantander.es\/?s={search_term_string}\",\"query-input\":\"required name=search_term_string\"}],\"inLanguage\":\"es\"},{\"@type\":\"ImageObject\",\"@id\":\"https:\/\/psicologiaclinicasantander.es\/index.php\/cuando-pedir-ayuda\/#primaryimage\",\"inLanguage\":\"es\",\"url\":\"http:\/\/psicologiaclinicasantander.es\/wp-content\/uploads\/2021\/05\/resize.jpg\",\"contentUrl\":\"http:\/\/psicologiaclinicasantander.es\/wp-content\/uploads\/2021\/05\/resize.jpg\"},{\"@type\":\"WebPage\",\"@id\":\"https:\/\/psicologiaclinicasantander.es\/index.php\/cuando-pedir-ayuda\/#webpage\",\"url\":\"https:\/\/psicologiaclinicasantander.es\/index.php\/cuando-pedir-ayuda\/\",\"name\":\"CUANDO PEDIR AYUDA - Purificaci\\u00f3n Vega\",\"isPartOf\":{\"@id\":\"http:\/\/psicologiaclinicasantander.es\/#website\"},\"primaryImageOfPage\":{\"@id\":\"https:\/\/psicologiaclinicasantander.es\/index.php\/cuando-pedir-ayuda\/#primaryimage\"},\"datePublished\":\"2021-05-13T14:48:16+00:00\",\"dateModified\":\"2021-05-13T16:51:11+00:00\",\"breadcrumb\":{\"@id\":\"https:\/\/psicologiaclinicasantander.es\/index.php\/cuando-pedir-ayuda\/#breadcrumb\"},\"inLanguage\":\"es\",\"potentialAction\":[{\"@type\":\"ReadAction\",\"target\":[\"https:\/\/psicologiaclinicasantander.es\/index.php\/cuando-pedir-ayuda\/\"]}]},{\"@type\":\"BreadcrumbList\",\"@id\":\"https:\/\/psicologiaclinicasantander.es\/index.php\/cuando-pedir-ayuda\/#breadcrumb\",\"itemListElement\":[{\"@type\":\"ListItem\",\"position\":1,\"item\":{\"@type\":\"WebPage\",\"@id\":\"https:\/\/psicologiaclinicasantander.es\/\",\"url\":\"https:\/\/psicologiaclinicasantander.es\/\",\"name\":\"Portada\"}},{\"@type\":\"ListItem\",\"position\":2,\"item\":{\"@id\":\"https:\/\/psicologiaclinicasantander.es\/index.php\/cuando-pedir-ayuda\/#webpage\"}}]}]}<\/script>\n<!-- \/ Yoast SEO plugin. -->","_links":{"self":[{"href":"https:\/\/psicologiaclinicasantander.es\/index.php\/wp-json\/wp\/v2\/pages\/9"}],"collection":[{"href":"https:\/\/psicologiaclinicasantander.es\/index.php\/wp-json\/wp\/v2\/pages"}],"about":[{"href":"https:\/\/psicologiaclinicasantander.es\/index.php\/wp-json\/wp\/v2\/types\/page"}],"author":[{"embeddable":true,"href":"https:\/\/psicologiaclinicasantander.es\/index.php\/wp-json\/wp\/v2\/users\/1"}],"replies":[{"embeddable":true,"href":"https:\/\/psicologiaclinicasantander.es\/index.php\/wp-json\/wp\/v2\/comments?post=9"}],"version-history":[{"count":10,"href":"https:\/\/psicologiaclinicasantander.es\/index.php\/wp-json\/wp\/v2\/pages\/9\/revisions"}],"predecessor-version":[{"id":160,"href":"https:\/\/psicologiaclinicasantander.es\/index.php\/wp-json\/wp\/v2\/pages\/9\/revisions\/160"}],"wp:attachment":[{"href":"https:\/\/psicologiaclinicasantander.es\/index.php\/wp-json\/wp\/v2\/media?parent=9"}],"curies":[{"name":"wp","href":"https:\/\/api.w.org\/{rel}","templated":true}]}}